{"id":17540,"date":"2019-01-04T10:37:17","date_gmt":"2019-01-04T09:37:17","guid":{"rendered":"http:\/\/www.laterredufutur.com\/accueil\/?page_id=17540"},"modified":"2025-01-30T07:56:37","modified_gmt":"2025-01-30T06:56:37","slug":"modeles-meteo","status":"publish","type":"page","link":"https:\/\/www.laterredufutur.com\/accueil\/modeles-meteo\/","title":{"rendered":"Mod\u00e8les m\u00e9t\u00e9o"},"content":{"rendered":"<div class=\"1665f18d14f35dd9e7566e1a8ac9a3e9\" data-index=\"1\" style=\"float: none; margin:10px 0 10px 0; text-align:center;\">\n<script async src=\"https:\/\/pagead2.googlesyndication.com\/pagead\/js\/adsbygoogle.js\"><\/script>\r\n<ins class=\"adsbygoogle\"\r\n     style=\"display:block; text-align:center;\"\r\n     data-ad-layout=\"in-article\"\r\n     data-ad-format=\"fluid\"\r\n     data-ad-client=\"ca-pub-2860849627502538\"\r\n     data-ad-slot=\"3019501113\"><\/ins>\r\n<script>\r\n     (adsbygoogle = window.adsbygoogle || []).push({});\r\n<\/script>\n<\/div>\n<p><center><\/p>\n<p><iframe loading=\"lazy\" src=\"https:\/\/www.tameteo.com\/modeles\/fr-france-gfs-29.htm\" width=\"1000\" height=\"1800\" scrolling=\"no\"> <\/iframe><\/p><div class=\"1665f18d14f35dd9e7566e1a8ac9a3e9\" data-index=\"2\" style=\"float: none; margin:10px 0 10px 0; text-align:center;\">\n<script async src=\"https:\/\/pagead2.googlesyndication.com\/pagead\/js\/adsbygoogle.js\"><\/script>\r\n<ins class=\"adsbygoogle\"\r\n     style=\"display:block; text-align:center;\"\r\n     data-ad-layout=\"in-article\"\r\n     data-ad-format=\"fluid\"\r\n     data-ad-client=\"ca-pub-2860849627502538\"\r\n     data-ad-slot=\"3019501113\"><\/ins>\r\n<script>\r\n     (adsbygoogle = window.adsbygoogle || []).push({});\r\n<\/script>\n<\/div>\n\n<p><\/center><\/p>\n<p class=\"bawpvc-ajax-counter\" data-id=\"17540\">(0)<\/p>\n<!--CusAds0-->\n<div style=\"font-size: 0px; height: 0px; line-height: 0px; margin: 0; padding: 0; clear: both;\"><\/div>","protected":false},"excerpt":{"rendered":"<p>(0)<\/p>\n","protected":false},"author":1,"featured_media":0,"parent":0,"menu_order":0,"comment_status":"closed","ping_status":"closed","template":"page-full.php","meta":{"_exactmetrics_skip_tracking":false,"_exactmetrics_sitenote_active":false,"_exactmetrics_sitenote_note":"","_exactmetrics_sitenote_category":0,"ngg_post_thumbnail":0,"jetpack_post_was_ever_published":false,"footnotes":""},"class_list":["post-17540","page","type-page","status-publish","hentry"],"jetpack_shortlink":"https:\/\/wp.me\/P631RN-4yU","jetpack-related-posts":[{"id":7016,"url":"https:\/\/www.laterredufutur.com\/accueil\/observations-meteo\/","url_meta":{"origin":17540,"position":0},"title":"T\u00e9moin d&rsquo;un ph\u00e9nom\u00e8ne violent ?","author":"Admin","date":"31 mai 2015","format":false,"excerpt":"Bonjour \u00e0 tous.\u00a0T\u00e9moin d'un ph\u00e9nom\u00e8ne violent ?\u00a0Vous \u00eates sur la page de\u00a0vos\u00a0observations m\u00e9t\u00e9o de la Terre du Futur. Pour l'heure, il n'est pas utile de s'\u00eatre enregistr\u00e9\u00a0pour pouvoir apporter sa propre observation.\u00a0Notice d'utilisation :\u00a01 - Avec le bouton droit de la souris, faites\u00a0appara\u00eetre\u00a0le marqueur sur la carte.\u00a02 - D\u00e9placer le\u2026","rel":"","context":"Article similaire","block_context":{"text":"Article similaire","link":""},"img":{"alt_text":"","src":"","width":0,"height":0},"classes":[]},{"id":20050,"url":"https:\/\/www.laterredufutur.com\/accueil\/meteo\/","url_meta":{"origin":17540,"position":1},"title":"Meteo","author":"Admin","date":"31 octobre 2019","format":false,"excerpt":"EN CONSTRUCTION","rel":"","context":"Article similaire","block_context":{"text":"Article similaire","link":""},"img":{"alt_text":"","src":"","width":0,"height":0},"classes":[]},{"id":5781,"url":"https:\/\/www.laterredufutur.com\/accueil\/modeles-gfs-france\/","url_meta":{"origin":17540,"position":2},"title":"Mod\u00e8les GFS France","author":"Admin","date":"30 juillet 2013","format":false,"excerpt":"","rel":"","context":"Article similaire","block_context":{"text":"Article similaire","link":""},"img":{"alt_text":"","src":"","width":0,"height":0},"classes":[]},{"id":5785,"url":"https:\/\/www.laterredufutur.com\/accueil\/modeles-gfs-europe\/","url_meta":{"origin":17540,"position":3},"title":"Mod\u00e8les GFS Europe","author":"Admin","date":"30 juillet 2013","format":false,"excerpt":"","rel":"","context":"Article similaire","block_context":{"text":"Article similaire","link":""},"img":{"alt_text":"","src":"","width":0,"height":0},"classes":[]}],"jetpack_sharing_enabled":true,"_links":{"self":[{"href":"https:\/\/www.laterredufutur.com\/accueil\/wp-json\/wp\/v2\/pages\/17540","targetHints":{"allow":["GET"]}}],"collection":[{"href":"https:\/\/www.laterredufutur.com\/accueil\/wp-json\/wp\/v2\/pages"}],"about":[{"href":"https:\/\/www.laterredufutur.com\/accueil\/wp-json\/wp\/v2\/types\/page"}],"author":[{"embeddable":true,"href":"https:\/\/www.laterredufutur.com\/accueil\/wp-json\/wp\/v2\/users\/1"}],"replies":[{"embeddable":true,"href":"https:\/\/www.laterredufutur.com\/accueil\/wp-json\/wp\/v2\/comments?post=17540"}],"version-history":[{"count":13,"href":"https:\/\/www.laterredufutur.com\/accueil\/wp-json\/wp\/v2\/pages\/17540\/revisions"}],"predecessor-version":[{"id":26642,"href":"https:\/\/www.laterredufutur.com\/accueil\/wp-json\/wp\/v2\/pages\/17540\/revisions\/26642"}],"wp:attachment":[{"href":"https:\/\/www.laterredufutur.com\/accueil\/wp-json\/wp\/v2\/media?parent=17540"}],"curies":[{"name":"wp","href":"https:\/\/api.w.org\/{rel}","templated":true}]}}